{"id":4,"date":"2008-12-08T14:19:52","date_gmt":"2008-12-08T13:19:52","guid":{"rendered":"http:\/\/84.200.21.16\/mojmir\/?page_id=2"},"modified":"2011-04-14T05:01:31","modified_gmt":"2011-04-14T05:01:31","slug":"about-2","status":"publish","type":"page","link":"https:\/\/mojmirkovac.si\/?page_id=4","title":{"rendered":"Jaz"},"content":{"rendered":"<p><strong><span style=\"text-decoration: underline;\">Kdo sem<\/span><\/strong><br \/>\nMojmir Kova\u010d 07.12.1967 Koper<br \/>\nOsnovna \u0161ola Pinko Toma\u017ei\u010d Koper<br \/>\nSrednja prometna in pomorska \u0161ola Piran<br \/>\nFakulteta za \u0161port \u2013 nedokon\u010dano<br \/>\nFilozofska fakulteta Ljubljana &#8211;\u00a0 Pedagogika<\/p>\n<p><strong><span style=\"text-decoration: underline;\">Judo <\/span><\/strong><br \/>\nVpis v judo klub Koper\u00a0 september 1977<br \/>\nMojsterski pas 1.dan\u00a0\u00a0 april 1987,<br \/>\nMojsterski pas 5.dan\u00a0\u00a0 februar 2008<br \/>\nTrener juda \u2013 specialist za otro\u0161ki judo<br \/>\nKondicijski trener<\/p>\n<p><strong><span style=\"text-decoration: underline;\">Knjige in skripte o judu, ki sem jih napisal:<\/span><\/strong><br \/>\nJigoro Kano in judo Kodokan\u00a0 \u00bbzgodba o malem Japoncu, ki je spremenil svet\u00ab1997<br \/>\nBorilne igre 2001<br \/>\n\u0160tafete in poligoni za otroke od 6 do 14 leta 1996<br \/>\nJudo Kodokan mala in osnovna \u0161ola juda marec 1998<br \/>\nBodi lu\u010d &#8211; judo v besedi brez slik 555 primerov predtehnik za judo 2004<\/p>\n<p><strong><span style=\"text-decoration: underline;\">Strokovni \u010dlanki o judu<\/span><\/strong><br \/>\nVe\u010d deset strokovnih \u010dlankov o judu v revijah:<br \/>\nSlovenski judo<br \/>\nPIL<br \/>\nZdravje<br \/>\n\u0160port mladih<\/p>\n<p><strong><span style=\"text-decoration: underline;\">Judo kamp in seminarji<\/span><\/strong><br \/>\n1998 \u2013 2002 trener pokrainske ekipe kadetov in mladincev Friuli Italija<br \/>\n1997\u00a0 mladinski judo kamp avstriske judo zveze Izola<br \/>\n1998\u00a0 mladinski judo kamp avstriske judo zveze Izola<br \/>\n2002\u00a0 judo kamp Gorje<br \/>\n2003\u00a0 mladinski judo kamp Krk<br \/>\n2003\u00a0 judo kamp Gorje<br \/>\n2004\u00a0 judo Kamp Gorje<br \/>\n2005\u00a0 judo kamp Gorje<br \/>\n1997 seminar borbeni judo Trst Italija<br \/>\n1997 seminar mala in osnovna \u0161ola juda Portoro\u017e<br \/>\n1997\u00a0 seminar otro\u0161ki judo Pordenone Italija<br \/>\n1998 seminar borbeni judo Tarcento Italija<br \/>\n2004 mala \u0161ola juda Ljubljana<br \/>\n2005 mala \u0161ola juda Gorje<br \/>\n2010 seminar Gjudo Ravena Italija<\/p>\n<p><strong><span style=\"text-decoration: underline;\">Judo tekmovanja<\/span><\/strong><br \/>\n1995 Pokal Kopra<br \/>\n1996 \u2013 1997 Pokal slovenske Istre<br \/>\n3 sezone Obalna judo liga<br \/>\n1997 \u2013 1998\u00a0 ciklus 8 tekem v Se\u010dovljah<br \/>\nDr\u017eavna prvenstva: starej\u0161i de\u010dki, kadeti, mladinci, \u010dlani<br \/>\nSvetovni rekord v hitrostnem metanju<\/p>\n<p><strong><span style=\"text-decoration: underline;\">Rekreacija <\/span><\/strong><\/p>\n<p><strong>2002<\/strong><br \/>\nBaklada \u2013 pohod z baklami med tuneli<\/p>\n<p><strong>2003<\/strong><br \/>\nBaklada \u2013 pohod z baklami med tuneli<br \/>\nDru\u017einski \u0161portni dan na trgu<\/p>\n<p><strong>2004<\/strong><br \/>\nBaklada \u2013 pohod z baklami med tuneli<br \/>\nDru\u017einski \u0161portni dan na trgu<br \/>\nPraznik \u0161porta<br \/>\nTek med zvonenjem<\/p>\n<p><strong>2005<\/strong><br \/>\nBaklada \u2013 pohod z baklami med tuneli<br \/>\nDru\u017einski \u0161portni dan na trgu<br \/>\nPraznik \u0161porta<br \/>\nTek med zvonenjem<br \/>\nTek in pohod Pove\u017eimo soline<br \/>\nTek po se\u010doveljski uvali<br \/>\nNovoletni tek<br \/>\nVelik pohod ob dnevu zemlje<br \/>\nOtroci na trgu<br \/>\nTriatlon Portoro\u017e slovenski pokal<\/p>\n<p><strong>2006<\/strong><br \/>\nBaklada \u2013 pohod z baklami med tuneli<br \/>\nDru\u017einski \u0161portni dan na trgu<br \/>\nTek med zvonenjem<br \/>\nTek in pohod Pove\u017eimo soline<br \/>\nTek po se\u010doveljski uvali<br \/>\nNovoletni tek<br \/>\nVelik pohod ob dnevu zemlje<br \/>\nTriatlon Portoro\u017e evropski pokal<br \/>\nOrientiring v Piranu<br \/>\nHitrostno  rolanje in rekord v mno\u017ei\u010dnem rolanju<br \/>\nDuatlon  v Se\u010dovljah<br \/>\nPohod za zdravje<\/p>\n<p><strong>2007<\/strong><br \/>\nNovoletni tek<br \/>\nKolesarimo  z Juretom Robi\u010dem<br \/>\nTek in pohod Pove\u017eimo soline<br \/>\nBaklada \u2013 pohod z baklami med tuneli<\/p>\n<p><strong>2008<\/strong><br \/>\nTek in pohod Pove\u017eimo soline<br \/>\nBaklada \u2013 pohod z baklami med tuneli<br \/>\nTek  tajnic z GV<br \/>\nTelekomov tek<br \/>\nPetrolov tek<br \/>\nBo\u017ei\u010dno  novoletni pohod z bakalmi<\/p>\n<p><strong>2009<\/strong><br \/>\nTek in pohod Pove\u017eimo soline (1317 udele\u017eencev)<br \/>\nTek tajnic z GV<br \/>\nPortoro\u017e se rola (800 udele\u017eencev)<br \/>\n\u0161portne igre slovenskih bolnic<br \/>\nBaklada &#8211; pohod z baklami med tunel (157 udele\u017eencev)<br \/>\nbo\u017ei\u010dno novoletni pohod z baklami (preko 300 udele\u017eencev)<\/p>\n<p><strong>2010<\/strong><br \/>\nOdrolajmo skupaj v ognjemet + fonja party<br \/>\nnovoletni tek Od trga do trga<br \/>\ntek in pohod Priklju\u010dimo Jo\u0161kota<br \/>\ntek Gor in dol po Se\u010di<br \/>\ntek in kulinari\u010dni pohod Pove\u017eimo soline (2500 udele\u017eencev)<br \/>\ntek tajnic z GV<br \/>\nBaklada<br \/>\nkolesarjenje posve\u010deno Juretu Robi\u010du (400 udele\u017eencev)<br \/>\nBo\u017ei\u010dno novoletni pohod z baklami<\/p>\n<p><strong>2011<\/strong><br \/>\nNovoletni tek<br \/>\ntek Do konca in nazaj<br \/>\ntek Gor in dol po Se\u010di<br \/>\ntek Pove\u017eimo soline (900 udele\u017eencev)<br \/>\nKulinari\u010dni pohod 6. \u010dutil (1000 udele\u017eencev)<br \/>\nTartinijev tek<br \/>\nSvetovno prvenstvo v bri\u0161koli<\/p>\n<p><strong><span style=\"text-decoration: underline;\">Mladinski projekti<\/span><\/strong><br \/>\n1997 \u2013 2007 poletna kolonija Me\u017eakla<br \/>\n2003 \u2013 2007 zimska kolonija Me\u017eakla<br \/>\n2002 stota obletnica \u017eeleznice Trst \u2013 Pore\u010d<br \/>\n2003 Iz zelenega v belo<br \/>\n2004 \u2013 2006 Na odru \u017eivljenja<br \/>\n2003 \u2013 2005 Superkamp<br \/>\n2004\u00a0 Preve\u010d ljubezni te ubije<br \/>\n2004\u00a0 Od semena do omare<br \/>\n2005\u00a0 Istrska poroka<br \/>\n2005\u00a0 Hodim v vrtec in znam brati<br \/>\n2004 \u2013 2006 Piran Piran\u010danom \u2013 Piran\u010dani Piranu<br \/>\n2004 \u2013 2005 Poslu\u0161aj, ti\u0161ina govori!<br \/>\n2004 &#8211; 2005 Motivacijska hi\u0161a<br \/>\n2003 \u2013 2006 Z judo proti drogi<br \/>\n2007 evropski projekt \u00bbKaj nam pripovedujejo pravljice\u00ab<br \/>\n2009 zimska kolonija Stari vrh nad \u0160kofjo Loko<br \/>\n2009 letna kolonija Gorje<br \/>\n2010 zimska kolonija Stari vrh nad \u0160kofjo Loko<br \/>\n2011 zimska kolonija Kope<\/p>\n<p><strong><span style=\"text-decoration: underline;\">Dobrodelnost<\/span><\/strong><\/p>\n","protected":false},"excerpt":{"rendered":"<p>Kdo sem Mojmir Kova\u010d 07.12.1967 Koper Osnovna \u0161ola Pinko Toma\u017ei\u010d Koper Srednja prometna in pomorska \u0161ola Piran Fakulteta za \u0161port \u2013 nedokon\u010dano Filozofska fakulteta Ljubljana &#8211;\u00a0 Pedagogika Judo Vpis v judo klub Koper\u00a0 september 1977 Mojsterski pas 1.dan\u00a0\u00a0 april 1987, Mojsterski pas 5.dan\u00a0\u00a0 februar 2008 Trener juda \u2013 specialist za otro\u0161ki judo Kondicijski trener Knjige [&hellip;]<\/p>\n","protected":false},"author":2,"featured_media":0,"parent":0,"menu_order":0,"comment_status":"open","ping_status":"open","template":"","meta":[],"_links":{"self":[{"href":"https:\/\/mojmirkovac.si\/index.php?rest_route=\/wp\/v2\/pages\/4"}],"collection":[{"href":"https:\/\/mojmirkovac.si\/index.php?rest_route=\/wp\/v2\/pages"}],"about":[{"href":"https:\/\/mojmirkovac.si\/index.php?rest_route=\/wp\/v2\/types\/page"}],"author":[{"embeddable":true,"href":"https:\/\/mojmirkovac.si\/index.php?rest_route=\/wp\/v2\/users\/2"}],"replies":[{"embeddable":true,"href":"https:\/\/mojmirkovac.si\/index.php?rest_route=%2Fwp%2Fv2%2Fcomments&post=4"}],"version-history":[{"count":14,"href":"https:\/\/mojmirkovac.si\/index.php?rest_route=\/wp\/v2\/pages\/4\/revisions"}],"predecessor-version":[{"id":1490,"href":"https:\/\/mojmirkovac.si\/index.php?rest_route=\/wp\/v2\/pages\/4\/revisions\/1490"}],"wp:attachment":[{"href":"https:\/\/mojmirkovac.si\/index.php?rest_route=%2Fwp%2Fv2%2Fmedia&parent=4"}],"curies":[{"name":"wp","href":"https:\/\/api.w.org\/{rel}","templated":true}]}}