{"id":28,"date":"2008-12-24T23:40:06","date_gmt":"2008-12-24T22:40:06","guid":{"rendered":"http:\/\/www.mojmirkovac.si\/nagradna-igra\/"},"modified":"2008-12-24T23:40:06","modified_gmt":"2008-12-24T22:40:06","slug":"nagradna-igra","status":"publish","type":"page","link":"https:\/\/mojmirkovac.si\/?page_id=28","title":{"rendered":"Nagradna igra"},"content":{"rendered":"<p>Nagradne igre bodo stalnica, vedno se bo izpla\u010dalo pogedati kak\u0161no je pa danes nagradno vpra\u0161anje in kak\u0161na je nagrada<\/p>\n","protected":false},"excerpt":{"rendered":"<p>Nagradne igre bodo stalnica, vedno se bo izpla\u010dalo pogedati kak\u0161no je pa danes nagradno vpra\u0161anje in kak\u0161na je nagrada<\/p>\n","protected":false},"author":2,"featured_media":0,"parent":0,"menu_order":0,"comment_status":"open","ping_status":"open","template":"","meta":[],"_links":{"self":[{"href":"https:\/\/mojmirkovac.si\/index.php?rest_route=\/wp\/v2\/pages\/28"}],"collection":[{"href":"https:\/\/mojmirkovac.si\/index.php?rest_route=\/wp\/v2\/pages"}],"about":[{"href":"https:\/\/mojmirkovac.si\/index.php?rest_route=\/wp\/v2\/types\/page"}],"author":[{"embeddable":true,"href":"https:\/\/mojmirkovac.si\/index.php?rest_route=\/wp\/v2\/users\/2"}],"replies":[{"embeddable":true,"href":"https:\/\/mojmirkovac.si\/index.php?rest_route=%2Fwp%2Fv2%2Fcomments&post=28"}],"version-history":[{"count":0,"href":"https:\/\/mojmirkovac.si\/index.php?rest_route=\/wp\/v2\/pages\/28\/revisions"}],"wp:attachment":[{"href":"https:\/\/mojmirkovac.si\/index.php?rest_route=%2Fwp%2Fv2%2Fmedia&parent=28"}],"curies":[{"name":"wp","href":"https:\/\/api.w.org\/{rel}","templated":true}]}}