{"id":25,"date":"2008-12-24T23:39:01","date_gmt":"2008-12-24T22:39:01","guid":{"rendered":"http:\/\/www.mojmirkovac.si\/gratis\/"},"modified":"2016-12-04T12:38:53","modified_gmt":"2016-12-04T12:38:53","slug":"gratis","status":"publish","type":"page","link":"https:\/\/mojmirkovac.si\/?page_id=25","title":{"rendered":"Gratis"},"content":{"rendered":"<p>Tu bodo zbrane vse stvari, ki vam jih bom podarjal. To bodo deli knjig, vsebine seminarjev&#8230;<\/p>\n<p>prvi GRATIS za vas:<\/p>\n<p><a href=\"http:\/\/mojmirkovac.si\/wp-content\/uploads\/2008\/12\/BORILNE-IGRE2.doc\">BORILNE IGRE<\/a><\/p>\n<p>in tu je \u017ee drugi GRATIS:<\/p>\n<p><a href=\"http:\/\/mojmirkovac.si\/wp-content\/uploads\/2008\/12\/JIGORO_12.DOC\">Jigoro Kano in judo Kodokan<\/a><\/p>\n<p>in gremo naprej:<\/p>\n<p><a href=\"http:\/\/mojmirkovac.si\/wp-content\/uploads\/2008\/12\/skripta-otroska-tekmovanja.doc\">otro\u0161ke judo tekme<\/a><\/p>\n<p>najbolj\u0161a judo metodika<\/p>\n<p><a href=\"http:\/\/mojmirkovac.si\/wp-content\/uploads\/2008\/12\/judo-metodika.doc\">judo metodika<\/a><\/p>\n<p>Iskrice za rekreacijo na radio Capris<\/p>\n<p><a href=\"http:\/\/mojmirkovac.si\/wp-content\/uploads\/2008\/12\/Iskrice-za-rekreacijo-1.sezona.doc\">Iskrice za rekreacijo 1.sezona<\/a><\/p>\n","protected":false},"excerpt":{"rendered":"<p>Tu bodo zbrane vse stvari, ki vam jih bom podarjal. To bodo deli knjig, vsebine seminarjev&#8230; prvi GRATIS za vas: BORILNE IGRE in tu je \u017ee drugi GRATIS: Jigoro Kano in judo Kodokan in gremo naprej: otro\u0161ke judo tekme najbolj\u0161a judo metodika judo metodika Iskrice za rekreacijo na radio Capris Iskrice za rekreacijo 1.sezona<\/p>\n","protected":false},"author":2,"featured_media":0,"parent":0,"menu_order":0,"comment_status":"open","ping_status":"open","template":"","meta":[],"_links":{"self":[{"href":"https:\/\/mojmirkovac.si\/index.php?rest_route=\/wp\/v2\/pages\/25"}],"collection":[{"href":"https:\/\/mojmirkovac.si\/index.php?rest_route=\/wp\/v2\/pages"}],"about":[{"href":"https:\/\/mojmirkovac.si\/index.php?rest_route=\/wp\/v2\/types\/page"}],"author":[{"embeddable":true,"href":"https:\/\/mojmirkovac.si\/index.php?rest_route=\/wp\/v2\/users\/2"}],"replies":[{"embeddable":true,"href":"https:\/\/mojmirkovac.si\/index.php?rest_route=%2Fwp%2Fv2%2Fcomments&post=25"}],"version-history":[{"count":9,"href":"https:\/\/mojmirkovac.si\/index.php?rest_route=\/wp\/v2\/pages\/25\/revisions"}],"predecessor-version":[{"id":1629,"href":"https:\/\/mojmirkovac.si\/index.php?rest_route=\/wp\/v2\/pages\/25\/revisions\/1629"}],"wp:attachment":[{"href":"https:\/\/mojmirkovac.si\/index.php?rest_route=%2Fwp%2Fv2%2Fmedia&parent=25"}],"curies":[{"name":"wp","href":"https:\/\/api.w.org\/{rel}","templated":true}]}}